


{"id":2511,"date":"2015-04-03T04:00:33","date_gmt":"2015-04-03T04:00:33","guid":{"rendered":"http:\/\/arisc.org\/?page_id=2511"},"modified":"2019-06-07T16:20:36","modified_gmt":"2019-06-07T16:20:36","slug":"symposium","status":"publish","type":"page","link":"https:\/\/arisc.org\/?page_id=2511","title":{"rendered":"Symposium (2015)"},"content":{"rendered":"<p style=\"text-align: justify;\">The American Research Institute in the South Caucasus (ARISC) in conjunction with Ilia State University and Open Society Georgia Foundation, present:<\/p>\n<h3 style=\"text-align: justify;\">\u201cEducation in the South Caucasus: Modernization, Innovation and Future Trends\u201d <b><\/b><\/h3>\n<p style=\"text-align: justify;\">This interdisciplinary symposium examined past and current challenges as well as new directions and trends in educational reform in the South Caucasus.<\/p>\n<p style=\"text-align: justify;\">The symposium aimed to identify and advance an understanding of culturally specific challenges facing education in Armenia, Azerbaijan, and Georgia by creating a forum for the discussion and sharing of ideas among scholars, practitioners and policy-makers. It also sought to encourage an open dialogue of best practices in developing cross-border cooperation. The educational focus was on higher education, and the symposium was in English..<\/p>\n<p><b>Friday, June 19, 2015<br \/>Ilia State University<br \/>1 G. Tsereteli St., G Campus, Auditorium G106<br \/>Tbilisi, Georgia<\/b><\/p>\n<p><img loading=\"lazy\" decoding=\"async\" class=\"alignnone wp-image-4184 size-full\" src=\"https:\/\/arisc.org\/wp-content\/uploads\/2015\/04\/greenwood-jpeg.jpg\" alt=\"greenwood jpeg\" width=\"614\" height=\"371\" srcset=\"https:\/\/arisc.org\/wp-content\/uploads\/2015\/04\/greenwood-jpeg.jpg 614w, https:\/\/arisc.org\/wp-content\/uploads\/2015\/04\/greenwood-jpeg-300x181.jpg 300w\" sizes=\"auto, (max-width: 614px) 100vw, 614px\" \/><\/p>\n<h2>Schedule<\/h2>\n<table border=\"0\" width=\"640\" cellspacing=\"0\" cellpadding=\"0\">\n<tbody>\n<tr>\n<td valign=\"top\" width=\"113\">8.00am<\/td>\n<td valign=\"top\" width=\"288\">On-Site Registration<\/td>\n<\/tr>\n<tr>\n<td valign=\"top\" width=\"113\">9.00am<\/td>\n<td style=\"text-align: justify;\" valign=\"top\" width=\"288\"><a href=\"https:\/\/www.youtube.com\/watch?v=TJwbnlloF6A\" target=\"_blank\" rel=\"noopener noreferrer\">Opening Remarks<\/a> by Stephen Jones<br \/>Vice President, ARISC<br \/>Mount Holyoke College, USAWelcome Note by Giga Zedania<br \/>Rector, Ilia State University, GeorgiaWelcome Note by Khatuna Ioseliani<br \/>Higher Education Program Manager, Open Society Georgia Foundation, Georgia<\/td>\n<\/tr>\n<\/tbody>\n<\/table>\n<figure id=\"attachment_2930\" aria-describedby=\"caption-attachment-2930\" style=\"width: 300px\" class=\"wp-caption aligncenter\"><a href=\"http:\/\/arisc.org\/wp-content\/uploads\/2015\/04\/welcome.jpg\"><img loading=\"lazy\" decoding=\"async\" class=\"wp-image-2930 size-medium\" src=\"https:\/\/arisc.org\/wp-content\/uploads\/2015\/04\/welcome-300x200.jpg\" alt=\"Welcoming Remarks. L-R: Stephen Jones, Giga Zedania, Giorgi Sharvashidze, Khatuna Ioseliani\" width=\"300\" height=\"200\" srcset=\"https:\/\/arisc.org\/wp-content\/uploads\/2015\/04\/welcome-300x200.jpg 300w, https:\/\/arisc.org\/wp-content\/uploads\/2015\/04\/welcome-1024x682.jpg 1024w, https:\/\/arisc.org\/wp-content\/uploads\/2015\/04\/welcome.jpg 1086w\" sizes=\"auto, (max-width: 300px) 100vw, 300px\" \/><\/a><figcaption id=\"caption-attachment-2930\" class=\"wp-caption-text\">Welcoming Remarks. L-R: Stephen Jones, Giga Zedania, Giorgi Sharvashidze, Khatuna Ioseliani<\/figcaption><\/figure>\n<p><strong><span style=\"text-decoration: underline;\">Session One: Challenges in Education<\/span><\/strong><\/p>\n<table border=\"0\" cellspacing=\"0\" cellpadding=\"0\">\n<tbody>\n<tr>\n<td valign=\"top\" width=\"113\">9.15-9.35<\/td>\n<td valign=\"top\" width=\"288\"><a href=\"https:\/\/www.youtube.com\/watch?v=-ooup6HPuls\" target=\"_blank\" rel=\"noopener noreferrer\">\u201cChallenges of Education in Georgia\u201d<\/a><br \/>Giorgi Sharvashidze, Ministry of Education, Georgia<a href=\"http:\/\/arisc.org\/wp-content\/uploads\/2015\/04\/Gia.jpg\"><img loading=\"lazy\" decoding=\"async\" class=\"alignnone wp-image-2931 size-medium\" src=\"https:\/\/arisc.org\/wp-content\/uploads\/2015\/04\/Gia-223x300.jpg\" alt=\"Gia\" width=\"223\" height=\"300\" srcset=\"https:\/\/arisc.org\/wp-content\/uploads\/2015\/04\/Gia-223x300.jpg 223w, https:\/\/arisc.org\/wp-content\/uploads\/2015\/04\/Gia-764x1024.jpg 764w, https:\/\/arisc.org\/wp-content\/uploads\/2015\/04\/Gia.jpg 766w\" sizes=\"auto, (max-width: 223px) 100vw, 223px\" \/><\/a><\/td>\n<\/tr>\n<tr>\n<td valign=\"top\" width=\"113\">9.35-9.55<\/td>\n<td valign=\"top\" width=\"288\"><a href=\"https:\/\/www.youtube.com\/watch?v=5dpIeaj6McM\" target=\"_blank\" rel=\"noopener noreferrer\">\u201cHigher Education in Azerbaijan: Between Heritage and Modern Trends\u201d<\/a><br \/>Hamlet Isaxanli, Khazar University, Azerbaijan<a href=\"http:\/\/arisc.org\/wp-content\/uploads\/2015\/04\/Isakhanli.jpg\"><img loading=\"lazy\" decoding=\"async\" class=\"alignnone wp-image-2932 size-medium\" src=\"https:\/\/arisc.org\/wp-content\/uploads\/2015\/04\/Isakhanli-300x148.jpg\" alt=\"Isakhanli\" width=\"300\" height=\"148\" srcset=\"https:\/\/arisc.org\/wp-content\/uploads\/2015\/04\/Isakhanli-300x148.jpg 300w, https:\/\/arisc.org\/wp-content\/uploads\/2015\/04\/Isakhanli-1024x505.jpg 1024w, https:\/\/arisc.org\/wp-content\/uploads\/2015\/04\/Isakhanli.jpg 1262w\" sizes=\"auto, (max-width: 300px) 100vw, 300px\" \/><\/a><\/td>\n<\/tr>\n<tr>\n<td valign=\"top\" width=\"113\">9.55-10.15<\/td>\n<td valign=\"top\" width=\"288\"><a href=\"https:\/\/www.youtube.com\/watch?v=EeoufrwdLFE\" target=\"_blank\" rel=\"noopener noreferrer\">\u201cReforms in the Higher Education of Armenia in the Context of the Bologna Process\u201d<\/a><br \/>Angelina Hovhannisyan, Ministry of Education, Armenia<a href=\"http:\/\/arisc.org\/wp-content\/uploads\/2015\/04\/Angelina.jpg\"><img loading=\"lazy\" decoding=\"async\" class=\"alignnone wp-image-2933 size-medium\" src=\"https:\/\/arisc.org\/wp-content\/uploads\/2015\/04\/Angelina-300x129.jpg\" alt=\"Angelina\" width=\"300\" height=\"129\" srcset=\"https:\/\/arisc.org\/wp-content\/uploads\/2015\/04\/Angelina-300x129.jpg 300w, https:\/\/arisc.org\/wp-content\/uploads\/2015\/04\/Angelina-1024x441.jpg 1024w, https:\/\/arisc.org\/wp-content\/uploads\/2015\/04\/Angelina.jpg 1350w\" sizes=\"auto, (max-width: 300px) 100vw, 300px\" \/><\/a><\/td>\n<\/tr>\n<tr>\n<td valign=\"top\" width=\"113\">\u00a0<\/td>\n<td valign=\"top\" width=\"288\">\u00a0<\/td>\n<\/tr>\n<tr>\n<td valign=\"top\" width=\"113\">10.15-10.30<\/td>\n<td valign=\"top\" width=\"288\">Break<\/td>\n<\/tr>\n<tr>\n<td valign=\"top\" width=\"113\">\u00a0<\/td>\n<td valign=\"top\" width=\"288\">\u00a0<\/td>\n<\/tr>\n<tr>\n<td valign=\"top\" width=\"113\">10.30-12.00<\/td>\n<td valign=\"top\" width=\"288\"><a href=\"https:\/\/www.youtube.com\/watch?v=dhFcEON_7K4\" target=\"_blank\" rel=\"noopener noreferrer\">Discussion: Challenges in Education in the South Caucasus<\/a><br \/>Moderator: Stephen Jones, Mount Holyoke College, ARISC, USA<a href=\"http:\/\/arisc.org\/wp-content\/uploads\/2015\/04\/discussion-session-1.jpg\"><img loading=\"lazy\" decoding=\"async\" class=\"alignnone wp-image-2934 size-medium\" src=\"https:\/\/arisc.org\/wp-content\/uploads\/2015\/04\/discussion-session-1-300x200.jpg\" alt=\"discussion session 1\" width=\"300\" height=\"200\" srcset=\"https:\/\/arisc.org\/wp-content\/uploads\/2015\/04\/discussion-session-1-300x200.jpg 300w, https:\/\/arisc.org\/wp-content\/uploads\/2015\/04\/discussion-session-1-1024x682.jpg 1024w, https:\/\/arisc.org\/wp-content\/uploads\/2015\/04\/discussion-session-1.jpg 1086w\" sizes=\"auto, (max-width: 300px) 100vw, 300px\" \/><\/a><\/td>\n<\/tr>\n<tr>\n<td valign=\"top\" width=\"113\">\u00a0<\/td>\n<td valign=\"top\" width=\"288\">\u00a0<\/td>\n<\/tr>\n<tr>\n<td valign=\"top\" width=\"113\">12.00-1.30<\/td>\n<td valign=\"top\" width=\"288\">Lunch<\/td>\n<\/tr>\n<\/tbody>\n<\/table>\n<p><strong><span style=\"text-decoration: underline;\">Session Two: Promising Directions in Education<\/span><\/strong><\/p>\n<table border=\"0\" cellspacing=\"0\" cellpadding=\"0\">\n<tbody>\n<tr>\n<td valign=\"top\" width=\"113\">1.30-1.50<\/td>\n<td valign=\"top\" width=\"288\"><a href=\"https:\/\/www.youtube.com\/watch?v=fFDmRd2yXQo\" target=\"_blank\" rel=\"noopener noreferrer\">&#8220;Challenges and Prospects of Doctoral Degree Programs in Georgia&#8221;<\/a><br \/>Simon Janashia, Teachers College, Columbia University, USA<a href=\"http:\/\/arisc.org\/wp-content\/uploads\/2015\/04\/Janashia.jpg\"><img loading=\"lazy\" decoding=\"async\" class=\"alignnone wp-image-2935 size-medium\" src=\"https:\/\/arisc.org\/wp-content\/uploads\/2015\/04\/Janashia-300x240.jpg\" alt=\"Janashia\" width=\"300\" height=\"240\" srcset=\"https:\/\/arisc.org\/wp-content\/uploads\/2015\/04\/Janashia-300x240.jpg 300w, https:\/\/arisc.org\/wp-content\/uploads\/2015\/04\/Janashia.jpg 1024w\" sizes=\"auto, (max-width: 300px) 100vw, 300px\" \/><\/a><\/td>\n<\/tr>\n<tr>\n<td valign=\"top\" width=\"113\">1.50-2.10<\/td>\n<td valign=\"top\" width=\"288\"><a href=\"https:\/\/www.youtube.com\/watch?v=O0IcNIr2nBg\" target=\"_blank\" rel=\"noopener noreferrer\">\u201cGlobal Trends in Higher Education: Challenges and Opportunities for Georgia\u201d<\/a><br \/>Joanna Regulska, Rutgers University, USA<a href=\"http:\/\/arisc.org\/wp-content\/uploads\/2015\/04\/Regulska.jpg\"><img loading=\"lazy\" decoding=\"async\" class=\"alignnone wp-image-2938 size-medium\" src=\"https:\/\/arisc.org\/wp-content\/uploads\/2015\/04\/Regulska-300x262.jpg\" alt=\"Regulska\" width=\"300\" height=\"262\" srcset=\"https:\/\/arisc.org\/wp-content\/uploads\/2015\/04\/Regulska-300x262.jpg 300w, https:\/\/arisc.org\/wp-content\/uploads\/2015\/04\/Regulska.jpg 1024w\" sizes=\"auto, (max-width: 300px) 100vw, 300px\" \/><\/a><\/td>\n<\/tr>\n<tr>\n<td valign=\"top\" width=\"113\">2.10-2.30<\/td>\n<td valign=\"top\" width=\"288\"><a href=\"https:\/\/www.youtube.com\/watch?v=_vKpENT7E-0\" target=\"_blank\" rel=\"noopener noreferrer\">&#8220;Modernisation of Education Governance&#8221;<\/a><br \/>\u00dczeyir Ba\u011f\u0131rov, Qafqaz University, Azerbaijan<a href=\"http:\/\/arisc.org\/wp-content\/uploads\/2015\/04\/Bagirov.jpg\"><img loading=\"lazy\" decoding=\"async\" class=\"alignnone wp-image-2939 size-medium\" src=\"https:\/\/arisc.org\/wp-content\/uploads\/2015\/04\/Bagirov-300x200.jpg\" alt=\"Bagirov\" width=\"300\" height=\"200\" srcset=\"https:\/\/arisc.org\/wp-content\/uploads\/2015\/04\/Bagirov-300x200.jpg 300w, https:\/\/arisc.org\/wp-content\/uploads\/2015\/04\/Bagirov-1024x682.jpg 1024w, https:\/\/arisc.org\/wp-content\/uploads\/2015\/04\/Bagirov.jpg 1086w\" sizes=\"auto, (max-width: 300px) 100vw, 300px\" \/><\/a><\/td>\n<\/tr>\n<tr>\n<td valign=\"top\" width=\"113\">2.30-2.50<\/td>\n<td valign=\"top\" width=\"288\"><a href=\"https:\/\/www.youtube.com\/watch?v=pzjbMpVY6-Q\" target=\"_blank\" rel=\"noopener noreferrer\">\u201cEducational Developments in Armenia: Time for Landmark Decisions&#8221;<\/a><br \/>Samvel Karabekyan, National Team of Higher Education Reform Experts, Armenia<a href=\"http:\/\/arisc.org\/wp-content\/uploads\/2015\/04\/Samvel.jpg\"><img loading=\"lazy\" decoding=\"async\" class=\"alignnone wp-image-2941 size-medium\" src=\"https:\/\/arisc.org\/wp-content\/uploads\/2015\/04\/Samvel-300x200.jpg\" alt=\"Samvel\" width=\"300\" height=\"200\" srcset=\"https:\/\/arisc.org\/wp-content\/uploads\/2015\/04\/Samvel-300x200.jpg 300w, https:\/\/arisc.org\/wp-content\/uploads\/2015\/04\/Samvel-1024x682.jpg 1024w, https:\/\/arisc.org\/wp-content\/uploads\/2015\/04\/Samvel.jpg 1086w\" sizes=\"auto, (max-width: 300px) 100vw, 300px\" \/><\/a><\/td>\n<\/tr>\n<tr>\n<td valign=\"top\" width=\"113\">\u00a0<\/td>\n<td valign=\"top\" width=\"288\">\u00a0<\/td>\n<\/tr>\n<tr>\n<td valign=\"top\" width=\"113\">2.50-3.10<\/td>\n<td valign=\"top\" width=\"288\">Break<\/td>\n<\/tr>\n<tr>\n<td valign=\"top\" width=\"113\">\u00a0<\/td>\n<td valign=\"top\" width=\"288\">\u00a0<\/td>\n<\/tr>\n<tr>\n<td valign=\"top\" width=\"113\">3.10-4.40<\/td>\n<td valign=\"top\" width=\"288\"><a href=\"https:\/\/www.youtube.com\/watch?v=n0KKa0RAwM0\" target=\"_blank\" rel=\"noopener noreferrer\">Discussion: Promising Directions in Education in the South Caucasus<\/a><br \/>Moderator: Jane Britt Greenwood, AIA; Prince Sultan University, Riyadh, Saudi Arabia; ARISC<a href=\"http:\/\/arisc.org\/wp-content\/uploads\/2015\/04\/discussion-session-2a.jpg\"><img loading=\"lazy\" decoding=\"async\" class=\"alignnone wp-image-2942 size-medium\" src=\"https:\/\/arisc.org\/wp-content\/uploads\/2015\/04\/discussion-session-2a-300x200.jpg\" alt=\"discussion session 2a\" width=\"300\" height=\"200\" srcset=\"https:\/\/arisc.org\/wp-content\/uploads\/2015\/04\/discussion-session-2a-300x200.jpg 300w, https:\/\/arisc.org\/wp-content\/uploads\/2015\/04\/discussion-session-2a-1024x682.jpg 1024w, https:\/\/arisc.org\/wp-content\/uploads\/2015\/04\/discussion-session-2a.jpg 1086w\" sizes=\"auto, (max-width: 300px) 100vw, 300px\" \/><\/a><\/td>\n<\/tr>\n<tr>\n<td valign=\"top\" width=\"113\">\u00a0<\/td>\n<td valign=\"top\" width=\"288\">\u00a0<\/td>\n<\/tr>\n<tr>\n<td valign=\"top\" width=\"113\">4.40<\/td>\n<td valign=\"top\" width=\"288\"><a href=\"https:\/\/www.youtube.com\/watch?v=s9wwu_bm2Eg\" target=\"_blank\" rel=\"noopener noreferrer\">Closing Remarks<\/a><\/td>\n<\/tr>\n<\/tbody>\n<\/table>\n<figure id=\"attachment_2950\" aria-describedby=\"caption-attachment-2950\" style=\"width: 300px\" class=\"wp-caption aligncenter\"><a href=\"http:\/\/arisc.org\/wp-content\/uploads\/2015\/04\/panelists.jpg\"><img loading=\"lazy\" decoding=\"async\" class=\"wp-image-2950 size-medium\" src=\"https:\/\/arisc.org\/wp-content\/uploads\/2015\/04\/panelists-300x202.jpg\" alt=\"L-R: Ba\u011f\u0131rov, Isaxanli, Greenwood, Karabekyan, Regulska, Janashia, Jones, Hovhannisyan.\" width=\"300\" height=\"202\" srcset=\"https:\/\/arisc.org\/wp-content\/uploads\/2015\/04\/panelists-300x202.jpg 300w, https:\/\/arisc.org\/wp-content\/uploads\/2015\/04\/panelists-1024x692.jpg 1024w, https:\/\/arisc.org\/wp-content\/uploads\/2015\/04\/panelists.jpg 1078w\" sizes=\"auto, (max-width: 300px) 100vw, 300px\" \/><\/a><figcaption id=\"caption-attachment-2950\" class=\"wp-caption-text\">L-R: Ba\u011f\u0131rov, Isaxanli, Greenwood, Karabekyan, Regulska, Janashia, Jones, Hovhannisyan.<\/figcaption><\/figure>\n<p style=\"text-align: justify;\">This symposium was free and open to the public, and was supported with a grant from the US Department of Education to the American Research Institute of the South Caucasus (ARISC), and was co-sponsored by Ilia State University, Open Society Georgia Foundation, and by a private donation.<\/p>\n<p style=\"text-align: justify;\"><i>ARISC does not discriminate on the basis of race, color, national origin, religion, sex, physical or mental disability, medical condition, ancestry, marital status, age, sexual orientation, or status as a covered veteran.<\/i><i><\/i><\/p>\n<p style=\"text-align: center;\"><a href=\"http:\/\/www.arisc.org\"><img loading=\"lazy\" decoding=\"async\" class=\"alignnone wp-image-2758 size-medium\" src=\"https:\/\/arisc.org\/wp-content\/uploads\/2015\/05\/ARISC-logo-short-300x239.jpg\" alt=\"ARISC logo short\" width=\"300\" height=\"239\" srcset=\"https:\/\/arisc.org\/wp-content\/uploads\/2015\/05\/ARISC-logo-short-300x239.jpg 300w, https:\/\/arisc.org\/wp-content\/uploads\/2015\/05\/ARISC-logo-short.jpg 930w\" sizes=\"auto, (max-width: 300px) 100vw, 300px\" \/><\/a> \u00a0 \u00a0 \u00a0 \u00a0 \u00a0\u00a0 <a href=\"http:\/\/iliauni.edu.ge\/en\" target=\"_blank\" rel=\"noopener noreferrer\"><img loading=\"lazy\" decoding=\"async\" class=\"alignnone wp-image-2756 size-full\" src=\"https:\/\/arisc.org\/wp-content\/uploads\/2015\/05\/iliauni-logo.png\" alt=\"iliauni-logo\" width=\"5000\" height=\"5000\" \/><\/a> <a href=\"http:\/\/www.opensocietyfoundations.org\/about\/offices-foundations\/open-society-georgia-foundation\" target=\"_blank\" rel=\"noopener noreferrer\"><img loading=\"lazy\" decoding=\"async\" class=\"alignnone wp-image-2759 size-medium\" src=\"https:\/\/arisc.org\/wp-content\/uploads\/2015\/04\/thumb_open-society-logo_1024-300x109.jpg\" alt=\"thumb_open society logo_1024\" width=\"300\" height=\"109\" srcset=\"https:\/\/arisc.org\/wp-content\/uploads\/2015\/04\/thumb_open-society-logo_1024-300x109.jpg 300w, https:\/\/arisc.org\/wp-content\/uploads\/2015\/04\/thumb_open-society-logo_1024.jpg 498w\" sizes=\"auto, (max-width: 300px) 100vw, 300px\" \/><\/a><\/p>\n<div id=\"_appInstalled\">\u00a0<\/div>\n\n\n<p><\/p>\n","protected":false},"excerpt":{"rendered":"<p>This interdisciplinary symposium examined past and current challenges as well as new directions and trends in educational reform in the South Caucasus.<\/p>\n","protected":false},"author":3,"featured_media":6118,"parent":6112,"menu_order":11,"comment_status":"closed","ping_status":"closed","template":"","meta":{"_acf_changed":false,"footnotes":""},"class_list":["post-2511","page","type-page","status-publish","has-post-thumbnail","hentry"],"acf":[],"_links":{"self":[{"href":"https:\/\/arisc.org\/index.php?rest_route=\/wp\/v2\/pages\/2511","targetHints":{"allow":["GET"]}}],"collection":[{"href":"https:\/\/arisc.org\/index.php?rest_route=\/wp\/v2\/pages"}],"about":[{"href":"https:\/\/arisc.org\/index.php?rest_route=\/wp\/v2\/types\/page"}],"author":[{"embeddable":true,"href":"https:\/\/arisc.org\/index.php?rest_route=\/wp\/v2\/users\/3"}],"replies":[{"embeddable":true,"href":"https:\/\/arisc.org\/index.php?rest_route=%2Fwp%2Fv2%2Fcomments&post=2511"}],"version-history":[{"count":68,"href":"https:\/\/arisc.org\/index.php?rest_route=\/wp\/v2\/pages\/2511\/revisions"}],"predecessor-version":[{"id":6311,"href":"https:\/\/arisc.org\/index.php?rest_route=\/wp\/v2\/pages\/2511\/revisions\/6311"}],"up":[{"embeddable":true,"href":"https:\/\/arisc.org\/index.php?rest_route=\/wp\/v2\/pages\/6112"}],"wp:featuredmedia":[{"embeddable":true,"href":"https:\/\/arisc.org\/index.php?rest_route=\/wp\/v2\/media\/6118"}],"wp:attachment":[{"href":"https:\/\/arisc.org\/index.php?rest_route=%2Fwp%2Fv2%2Fmedia&parent=2511"}],"curies":[{"name":"wp","href":"https:\/\/api.w.org\/{rel}","templated":true}]}}